{"id":247,"date":"2024-02-05T21:28:39","date_gmt":"2024-02-05T20:28:39","guid":{"rendered":"https:\/\/saltyclothes.cz\/?page_id=247"},"modified":"2025-02-03T21:12:26","modified_gmt":"2025-02-03T20:12:26","slug":"contact","status":"publish","type":"page","link":"https:\/\/saltyclothes.cz\/en\/kontakt\/","title":{"rendered":"Contact"},"content":{"rendered":"<div class=\"wp-block-columns is-layout-flex wp-container-core-columns-is-layout-9d6595d7 wp-block-columns-is-layout-flex\">\n<div class=\"wp-block-column is-layout-flow wp-block-column-is-layout-flow\">\n<p>+420 72583534<br>weare@saltyclothes.cz<\/p>\n\n\n\n<p>Food for mood, s.r.o.<br>ID:09094008<br>DIC: CZ09094008<br>\u0160t\u011bp\u00e1nsk\u00e1 540\/7, Prague 2, 120 00<\/p>\n\n\n\n<p>Company registered under file number C 330777\/MSPH.<\/p>\n<\/div>\n\n\n\n<div class=\"wp-block-column is-layout-flow wp-block-column-is-layout-flow\">\n<figure class=\"wp-block-image size-full\"><img loading=\"lazy\" decoding=\"async\" width=\"1280\" height=\"1920\" src=\"https:\/\/saltyclothes.cz\/wp-content\/uploads\/2024\/05\/TAP00909.webp\" alt=\"\" class=\"wp-image-421\" srcset=\"https:\/\/saltyclothes.cz\/wp-content\/uploads\/2024\/05\/TAP00909.webp 1280w, https:\/\/saltyclothes.cz\/wp-content\/uploads\/2024\/05\/TAP00909-400x600.webp 400w, https:\/\/saltyclothes.cz\/wp-content\/uploads\/2024\/05\/TAP00909-800x1200.webp 800w, https:\/\/saltyclothes.cz\/wp-content\/uploads\/2024\/05\/TAP00909-200x300.webp 200w, https:\/\/saltyclothes.cz\/wp-content\/uploads\/2024\/05\/TAP00909-768x1152.webp 768w, https:\/\/saltyclothes.cz\/wp-content\/uploads\/2024\/05\/TAP00909-1024x1536.webp 1024w, https:\/\/saltyclothes.cz\/wp-content\/uploads\/2024\/05\/TAP00909-600x900.webp 600w\" sizes=\"auto, (max-width: 1280px) 100vw, 1280px\" \/><\/figure>\n<\/div>\n<\/div>","protected":false},"excerpt":{"rendered":"<p>+420 72583534 weare@saltyclothes.cz weare@saltyclothes.cz Food for mood, s.r.o. ID:09094008 VAT: CZ09094008 \u0160t\u011bp\u00e1nsk\u00e1 540\/7, Praha 2, 120 00 Company registered under file number C 330777\/MSPH.<\/p>","protected":false},"author":1,"featured_media":0,"parent":0,"menu_order":0,"comment_status":"closed","ping_status":"closed","template":"","meta":{"_acf_changed":false,"footnotes":""},"class_list":["post-247","page","type-page","status-publish","hentry"],"acf":[],"_links":{"self":[{"href":"https:\/\/saltyclothes.cz\/en\/wp-json\/wp\/v2\/pages\/247","targetHints":{"allow":["GET"]}}],"collection":[{"href":"https:\/\/saltyclothes.cz\/en\/wp-json\/wp\/v2\/pages"}],"about":[{"href":"https:\/\/saltyclothes.cz\/en\/wp-json\/wp\/v2\/types\/page"}],"author":[{"embeddable":true,"href":"https:\/\/saltyclothes.cz\/en\/wp-json\/wp\/v2\/users\/1"}],"replies":[{"embeddable":true,"href":"https:\/\/saltyclothes.cz\/en\/wp-json\/wp\/v2\/comments?post=247"}],"version-history":[{"count":1,"href":"https:\/\/saltyclothes.cz\/en\/wp-json\/wp\/v2\/pages\/247\/revisions"}],"predecessor-version":[{"id":909,"href":"https:\/\/saltyclothes.cz\/en\/wp-json\/wp\/v2\/pages\/247\/revisions\/909"}],"wp:attachment":[{"href":"https:\/\/saltyclothes.cz\/en\/wp-json\/wp\/v2\/media?parent=247"}],"curies":[{"name":"wp","href":"https:\/\/api.w.org\/{rel}","templated":true}]}}