{"id":3,"date":"2024-01-30T20:22:37","date_gmt":"2024-01-30T20:22:37","guid":{"rendered":"https:\/\/saltyclothes.cz\/?page_id=3"},"modified":"2024-02-06T12:40:38","modified_gmt":"2024-02-06T11:40:38","slug":"protection-of-personal-data","status":"publish","type":"page","link":"https:\/\/saltyclothes.cz\/en\/ochrana-osobnich-udaju\/","title":{"rendered":"Personal data processing principles"},"content":{"rendered":"<h2 class=\"wp-block-heading\">Contact details of the administrator<\/h2>\n\n\n\n<p>Name: food for mood, s.r.o.<br>Registered office address: \u0160t\u011bp\u00e1nsk\u00e1 540\/7 Prague 2<br>ID:09094008<br>E-mail: annasilhova@gmail.com<br>Phone: 725835346<\/p>\n\n\n\n<p>The processing of personal data is carried out in accordance with Regulation (EU) 2016\/679 of the European Parliament and of the Council of 27 April 2016 on the protection of natural persons with regard to the processing of personal data and on the free movement of such data and repealing Directive 95\/46\/EC (hereinafter referred to as the \"Regulation\"), the Act on the processing of personal data and Act No. 480\/2004 Coll., on certain information society services, as amended.<\/p>\n\n\n\n<ol class=\"wp-block-list\">\n<li>Concepts<br><strong>Data subject:<\/strong> The natural person (both consumer and self-employed) to whom the personal data relates (hereinafter also referred to as \"you\" or \"customer\");<br><strong>Personal information:<\/strong> Any information about an identified or identifiable customer; an identifiable customer is a natural person who can be identified, directly or indirectly, in particular by reference to an identifier such as a name, identification number, location data, network identifier or to one or more specific elements of that natural person's physical, physiological, genetic, psychological, economic, cultural or social identity (hereinafter also \"data\" or \"information\");<br><strong>Administrator: <\/strong>The entity which determines the purpose and means of processing personal data carries out the processing and is responsible for that processing. The controller of the personal data is Food for mood,s.r.o. (hereinafter also \"we\");<br><strong>Processor:<\/strong> An entity that, on the basis of the law or on behalf of the controller, processes personal data for the controller on the basis of a contract for the processing of personal data (hereinafter also \"business partner\" or \"partner\");<br><strong>Website:<\/strong> Website available at saltyclothes.cz;<br><strong>Purpose of processing personal data:<\/strong> The reason why personal data is processed. This reason may be, for example, to perform a contract, manage user accounts, handle complaints and complaints, send commercial communications (newsletters) or display advertisements based on customer interests;<br><strong>Cookies:<\/strong> Short text files that are stored by your web or mobile browser. Most cookies contain a unique identifier, called a cookie ID. This is a string of characters assigned by websites and servers to the browser that stored the cookie. This allows websites and servers to distinguish and identify individual browsers. Cookies are used to improve the functioning of websites, to evaluate website traffic and to better target marketing activities. If you browse our website, we assume that you consent to the use of these files.<br>Third countries: countries outside the European Economic Area, which mainly includes the member countries of the European Union and Iceland, Liechtenstein and Norway.<\/li>\n\n\n\n<li>What personal data is processed?<br>We and its contractual processors process the following personal data or categories of personal data in accordance with the respective legal title and purpose of processing:\n<ul class=\"wp-block-list\">\n<li>a) Identification and address data: e.g. name, surname, delivery or other contact address, address of the place of delivery, business address, VAT number, VAT number;<\/li>\n\n\n\n<li>(b) electronic contact details: e.g. telephone number, e-mail address;<\/li>\n\n\n\n<li>c) other electronic data: IP address, cookies;<\/li>\n\n\n\n<li>d) other personal data related to the contractual relationship: bank account number, order history;<\/li>\n\n\n\n<li>e) other personal data: typically data provided by the customer in the order form or other documents and in communication with us, including subsequent updates.<\/li>\n<\/ul>\n<\/li>\n\n\n\n<li>What is the origin of the personal data?<br>We process the data you provide to us, for example, when ordering our services, registering a user account, communicating with us or subscribing to our newsletter. Typically this includes\n<ul class=\"wp-block-list\">\n<li>identification and address details;<\/li>\n\n\n\n<li>electronic contact details;<\/li>\n\n\n\n<li>other personal data related to the contractual relationship.<\/li>\n<\/ul>\n<\/li>\n<\/ol>\n\n\n\n<p>As well as data that we collect automatically as a result of you browsing our website. Typically this includes:<\/p>\n\n\n\n<ul class=\"wp-block-list\">\n<li>other electronic data:<\/li>\n\n\n\n<li>cookies<\/li>\n\n\n\n<li>the website from which you came to our website;<\/li>\n\n\n\n<li>IP address;<\/li>\n\n\n\n<li>access date and access time;<\/li>\n\n\n\n<li>search queries;<\/li>\n\n\n\n<li>http and https response code;<\/li>\n\n\n\n<li>data groups to be transmitted;<\/li>\n\n\n\n<li>information about the browser and operating system of the computer.<\/li>\n<\/ul>\n\n\n\n<ol class=\"wp-block-list\" start=\"4\">\n<li>Why is personal data processed?<br>Your personal data may be processed for the following purposes:<\/li>\n<\/ol>\n\n\n\n<p>\u25cf Performance of the contractual relationship<br>\u25cf Customer account management<br>\u25cf Communicating with customers, evaluating satisfaction, publishing reviews, recommending books, handling suggestions, complaints and complaints<br>\u25cf Sending commercial communications and offering our goods<br>\u25cf Direct marketing and creation of personalized content and advertising<br>\u25cf Improving the quality of our goods and services, analysing traffic to our website and your behaviour on the website<br>\u25cf Running customer competitions and delivering prizes<br>\u25cf Protecting our rights, property or safety or the rights, property or safety of others<br>\u25cf Accounting and tax purposes<br>\u25cf Fulfilling other legal obligations<\/p>\n\n\n\n<p>Your personal data may be processed on the basis of the following legal grounds:<\/p>\n\n\n\n<p>\u25cf Performance of the contract<br>\u25cf Fulfilling a legal obligation<br>\u25cf Legitimate interest of the controller in sending commercial communications<br>\u25cf Consent to receive commercial communications<\/p>\n\n\n\n<p>The processing of personal data for the purposes of the performance of a contractual relationship, accounting and tax purposes and the performance of other legal obligations are legal or contractual requirements. If you intend to place an order through our website, you are obliged to provide us with your personal data for these purposes.<\/p>\n\n\n\n<ol class=\"wp-block-list\" start=\"5\">\n<li>How long is personal data processed?<br>Your personal data is processed:<br>\u25cf for the period necessary to exercise the rights and obligations arising from the contractual relationship between you and us and to assert claims arising from this contractual relationship (4 years);<br>\u25cf for the time necessary to fulfil the legal obligation (accounting documents for 5 years, tax documents for 10 years);<\/li>\n<\/ol>\n\n\n\n<p>\u25cf for the duration of our legitimate interest in sending commercial communications (2 years from the last time the commercial communication was opened);<br>\u25cf for the duration of your consent (for a maximum of 4 years from the date of consent or 4 years from the last order).<\/p>\n\n\n\n<ol class=\"wp-block-list\" start=\"6\">\n<li>To whom is the personal data disclosed?<br>The following categories of our partners (recipients) may have access to your personal data:<\/li>\n<\/ol>\n\n\n\n<p>\u25cf Goods transport providers<br>\u25cf Accounting and tax consultancy providers<br>\u25cf IT service and hosting providers, especially ByznysWeb<br>\u25cf Security and integrity providers for our services and website<br>\u25cf Analytical service providers<br>\u25cf Customer support assistance service providers,<br>\u25cf Payment gateway providers (payment card providers)<br>\u25cf Legal service providers, attorneys<br>\u25cf Printing and mailing service providers<br>\u25cf Partners cooperating with us in loyalty programs, conferences, seminars and other events<br>\u25cf Partners who provide direct marketing for us and partners and operators of technical solutions that enable us to show you personalised content and advertising<br>\u25cf Public authorities<\/p>\n\n\n\n<ol class=\"wp-block-list\" start=\"6\">\n<li>Is personal data transferred outside the EU?<br>The controller has \/ has no intention to transfer personal data to a third country (outside the European Economic Area) or an international organisation. The recipients of personal data in third countries are:<\/li>\n<\/ol>\n\n\n\n<ul class=\"wp-block-list\">\n<li>Partners to whom we provide data for the purpose of analysing traffic to our website, your behaviour on the website and business conversions<\/li>\n\n\n\n<li>IT service and hosting providers, including cloud services<\/li>\n\n\n\n<li>Mailing service providers<\/li>\n<\/ul>\n\n\n\n<ol class=\"wp-block-list\" start=\"4\">\n<li>How is personal data processed?<br>Personal data is processed manually and automatically. We keep proper records of all processing activities in accordance with the relevant legislation.<\/li>\n<\/ol>\n\n\n\n<p>You are not the subject of any decision based solely on automated processing, including profiling, which would have legal effects on you or would affect you in a similarly significant way. We do not create profiles from your personal data for the purpose of analysing or predicting your preferences, interests, economic situation, reliability, where you are located or your movements (a typical example of profiling is monitoring the behaviour of website visitors in order to track their preferences so that a trader can approach them in the future with a tailored offer).<\/p>\n\n\n\n<ol class=\"wp-block-list\" start=\"5\">\n<li>What are the rights of data subjects?<br>To exercise your rights, please contact us using our contact details set out at the beginning of this policy.<\/li>\n<\/ol>\n\n\n\n<p>You have the following rights in relation to the processing of your personal data (Articles 15 to 21 GDPR):<br>\u25cf Right of access to personal data<br>\u25cf Right to rectification of inaccurate and completion of incomplete personal data<br>\u25cf Right to erasure of personal data<br>\u25cf Right to restriction of processing of personal data<br>\u25cf Right to data portability<br>\u25cf Right to object to processing<br>\u25cf Right to information about automated decision-making, including profiling<\/p>\n\n\n\n<p>If we process your personal data on the basis of your consent, you have the right to withdraw this consent at any time.<\/p>\n\n\n\n<p>You also have the right to file a complaint with the supervisory authority, which is the Office for Personal Data Protection, located at Pplk. Sochova 27, 170 00 Prague 7, tel.: 234 665 111, web: www.uoou.cz.<\/p>\n\n\n\n<ol class=\"wp-block-list\" start=\"9\">\n<li>How are cookies processed?<br>The cookies processed can be divided according to their validity into:<br>\u25cf temporary cookies (session cookies), which remain stored in your browser only until you close your browser,<br>\u25cf persistent cookies, which remain stored in your browser for a long time, until their lifetime expires or until you manually delete them (the time cookies are stored in your browser depends on the setting of the cookie itself and your browser settings).<\/li>\n<\/ol>\n\n\n\n<p>And according to the features on:<br>\u25cf Essential, which are necessary for the functionality of our website,<br>\u25cf Preferential, which allow our website to remember information that changes how the website behaves or looks (e.g. your preferred language or the region you are in), these cookies are not strictly necessary for the functioning of our website, but enhance the functionality and usability of the website,<br>\u25cf analytics to help us analyse your experience on our website (called User Experience) and to help us understand how you use our website,<\/p>\n\n\n\n<p>We do not use third-party cookies that track multiple websites to provide you with personalized content and advertising on third-party websites and other sales channels.<\/p>\n\n\n\n<ol class=\"wp-block-list\" start=\"10\">\n<li>Are data on children also processed?<br>Our website is not intended for children under the age of 16. We therefore do not intentionally collect their personal data. If we become aware that we have inadvertently collected personal information about children under the age of 16, we will take steps to delete that information as soon as possible, except where we are required by applicable law to retain it.<\/li>\n\n\n\n<li>Conclusion<br>Legislation and our business strategy and related processing of your personal data may change. If we decide to update this policy, we will post the changes on our website and notify you of these changes. Where there is to be a more fundamental change to this policy, or where we are required to do so by law, we will inform you in advance. We ask that you read this policy carefully and check this policy regularly when you continue to communicate with us or use our website.<\/li>\n<\/ol>","protected":false},"excerpt":{"rendered":"<p>Kontaktn\u00ed \u00fadaje spr\u00e1vce N\u00e1zev: Food for mood, s.r.o.Adresa s\u00eddla: \u0160t\u011bp\u00e1nsk\u00e1 540\/7 Praha 2I\u010cO:09094008E-mail: annasilhova@gmail.comTelefon: 725835346 Zpracov\u00e1n\u00ed osobn\u00edch \u00fadaj\u016f prob\u00edh\u00e1 to v souladu s Na\u0159\u00edzen\u00edm Evropsk\u00e9ho parlamentu a Rady (EU) 2016\/679 ze dne 27. 4. 2016 o ochran\u011b fyzick\u00fdch osob v souvislosti se zpracov\u00e1n\u00edm osobn\u00edch \u00fadaj\u016f a o voln\u00e9m pohybu t\u011bchto \u00fadaj\u016f a o zru\u0161en\u00ed sm\u011brnice [&hellip;]<\/p>\n","protected":false},"author":1,"featured_media":0,"parent":0,"menu_order":0,"comment_status":"closed","ping_status":"open","template":"","meta":{"_acf_changed":false,"footnotes":""},"class_list":["post-3","page","type-page","status-publish","hentry"],"acf":[],"_links":{"self":[{"href":"https:\/\/saltyclothes.cz\/en\/wp-json\/wp\/v2\/pages\/3","targetHints":{"allow":["GET"]}}],"collection":[{"href":"https:\/\/saltyclothes.cz\/en\/wp-json\/wp\/v2\/pages"}],"about":[{"href":"https:\/\/saltyclothes.cz\/en\/wp-json\/wp\/v2\/types\/page"}],"author":[{"embeddable":true,"href":"https:\/\/saltyclothes.cz\/en\/wp-json\/wp\/v2\/users\/1"}],"replies":[{"embeddable":true,"href":"https:\/\/saltyclothes.cz\/en\/wp-json\/wp\/v2\/comments?post=3"}],"version-history":[{"count":0,"href":"https:\/\/saltyclothes.cz\/en\/wp-json\/wp\/v2\/pages\/3\/revisions"}],"wp:attachment":[{"href":"https:\/\/saltyclothes.cz\/en\/wp-json\/wp\/v2\/media?parent=3"}],"curies":[{"name":"wp","href":"https:\/\/api.w.org\/{rel}","templated":true}]}}