{"id":51,"date":"2024-01-30T23:39:50","date_gmt":"2024-01-30T22:39:50","guid":{"rendered":"https:\/\/saltyclothes.cz\/?page_id=51"},"modified":"2024-01-31T21:41:44","modified_gmt":"2024-01-31T20:41:44","slug":"terms-of-trade","status":"publish","type":"page","link":"https:\/\/saltyclothes.cz\/en\/obchodni-podminky\/","title":{"rendered":"Terms and Conditions"},"content":{"rendered":"\n<h2 class=\"wp-block-heading\">I. Z\u00e1kladn\u00ed ustanoven\u00ed<\/h2>\n\n\n\n<ol class=\"wp-block-list\">\n<li>Tyto obchodn\u00ed podm\u00ednky upravuj\u00ed vztahy mezi kupuj\u00edc\u00edm a prod\u00e1vaj\u00edc\u00edm v oblasti<br>prodeje zahradnick\u00fdch pot\u0159eb a souvisej\u00edc\u00edho zbo\u017e\u00ed mezi spole\u010dnost\u00ed FOOD FOR<br>MOOD, S.R.O.(d\u00e1le jen \u201eProd\u00e1vaj\u00edc\u00ed\u201c) a jej\u00edmi z\u00e1kazn\u00edky (d\u00e1le jen \u201eKupuj\u00edc\u00ed\u201c).<\/li>\n\n\n\n<li>Prod\u00e1vaj\u00edc\u00edm je spole\u010dnost Food for mood, s.r.o., se s\u00eddlem \u0160t\u011bp\u00e1nsk\u00e1 540\/7 120 00<br>Praha 2, I\u010cO 09094008, zapsan\u00e1 v obchodn\u00edm rejst\u0159\u00edku pod sp. zn. C 330777\/MSPH u<br>M\u011bstsk\u00e9ho soudu v Praze, registrovan\u00e1 jako pl\u00e1tce DPH s DI\u010c CZ09094008,<br>zab\u00fdvaj\u00edc\u00ed se prodejem od\u011bv\u016f a od\u011bvn\u00edch dopl\u0148k\u016f. Kontaktn\u00ed \u00fadaje na Prod\u00e1vaj\u00edc\u00edho<br>jsou:\n<ul class=\"wp-block-list\">\n<li>e-mail: saltyclothesforfamily@gmail.com<\/li>\n\n\n\n<li>tel. \u010d\u00edslo: 725835346<\/li>\n<\/ul>\n<\/li>\n\n\n\n<li>Kupuj\u00edc\u00edm se rozum\u00ed ka\u017ed\u00fd \u010dlov\u011bk, kter\u00fd mimo r\u00e1mec sv\u00e9 podnikatelsk\u00e9 \u010dinnosti<br>nebo mimo r\u00e1mec samostatn\u00e9ho v\u00fdkonu sv\u00e9ho povol\u00e1n\u00ed uzav\u00edr\u00e1 smlouvu s<br>Prod\u00e1vaj\u00edc\u00edm nebo s n\u00edm jinak jedn\u00e1 za \u00fa\u010delem koup\u011b zbo\u017e\u00ed nab\u00edzen\u00e9ho Prodejcem.<\/li>\n\n\n\n<li>P\u0159i zah\u00e1jen\u00ed pr\u00e1vn\u00edho jedn\u00e1n\u00ed p\u0159ed\u00e1v\u00e1 Kupuj\u00edc\u00ed Prod\u00e1vaj\u00edc\u00edmu pouze sv\u00e9 kontaktn\u00ed<br>\u00fadaje, nutn\u00e9 pro bezprobl\u00e9mov\u00e9 vy\u0159\u00edzen\u00ed objedn\u00e1vky, pop\u0159\u00edpad\u011b \u00fadaje, kter\u00e9 chce m\u00edt<br>uvedeny na n\u00e1kupn\u00edch dokladech.<\/li>\n\n\n\n<li>Pr\u00e1vn\u00ed vztahy Prod\u00e1vaj\u00edc\u00edho s Kupuj\u00edc\u00edm v\u00fdslovn\u011b neupraven\u00e9 t\u011bmito obchodn\u00edmi<br>podm\u00ednkami se \u0159\u00edd\u00ed p\u0159\u00edslu\u0161n\u00fdmi ustanoven\u00edmi z\u00e1k. \u010d. 89\/2012 Sb., (ob\u010dansk\u00fd<br>z\u00e1kon\u00edk), z\u00e1k. \u010d. 634\/1992 Sb. o ochran\u011b spot\u0159ebitele, jako\u017e i pr\u00e1vn\u00edmi p\u0159edpisy<br>souvisej\u00edc\u00edmi.<\/li>\n\n\n\n<li>Kupuj\u00edc\u00ed si je v\u011bdom, \u017ee mu koup\u00ed produkt\u016f, je\u017e jsou v obchodn\u00ed nab\u00eddce<br>Prod\u00e1vaj\u00edc\u00edho, nevznikaj\u00ed \u017e\u00e1dn\u00e1 pr\u00e1va na pou\u017e\u00edv\u00e1n\u00ed registrovan\u00fdch zna\u010dek,<br>obchodn\u00edch n\u00e1zv\u016f, firemn\u00edch log \u010di patent\u016f Prod\u00e1vaj\u00edc\u00edho nebo dal\u0161\u00edch firem, nen\u00ed-li v<br>konkr\u00e9tn\u00edm p\u0159\u00edpad\u011b zvl\u00e1\u0161tn\u00ed smlouvou sjedn\u00e1no jinak.<\/li>\n<\/ol>\n\n\n\n<h2 class=\"wp-block-heading\">II. Bezpe\u010dnost a ochrana informac\u00ed<\/h2>\n\n\n\n<ol class=\"wp-block-list\">\n<li>Uzav\u0159en\u00edm smlouvy Kupuj\u00edc\u00ed potvrzuje, \u017ee osobn\u00ed \u00fadaje, kter\u00e9 uvedl jsou pravdiv\u00e9 a<br>souhlas\u00ed s t\u00edm, aby poskytnut\u00e9 \u00fadaje byly Prod\u00e1vaj\u00edc\u00edm zpracov\u00e1ny a uchov\u00e1ny v<br>souladu se z\u00e1konem o ochran\u011b osobn\u00edch \u00fadaj\u016f a Obecn\u00fdm na\u0159\u00edzen\u00edm o ochran\u011b<br>osobn\u00edch \u00fadaj\u016f (GDPR).<\/li>\n\n\n\n<li>Prod\u00e1vaj\u00edc\u00ed prohla\u0161uje, \u017ee ve\u0161ker\u00e9 osobn\u00ed \u00fadaje Kupuj\u00edc\u00edho budou pou\u017eity pouze k<br>uskute\u010dn\u011bn\u00ed pln\u011bn\u00ed smlouvy a nebudou jinak zve\u0159ejn\u011bny nebo poskytnuty t\u0159et\u00ed osob\u011b; s<br>v\u00fdjimkou situace souvisej\u00edc\u00ed s distribuc\u00ed \u010di platebn\u00edm stykem t\u00fdkaj\u00edc\u00edho se<br>objednan\u00e9ho zbo\u017e\u00ed (sd\u011blen\u00ed jm\u00e9na a adresy dod\u00e1n\u00ed).<\/li>\n\n\n\n<li>V\u00edce se o ochran\u011b osobn\u00edch \u00fadaj\u016f do\u010dtete v dokumentu s n\u00e1zvem Jak chr\u00e1n\u00edme Va\u0161e<br>osobn\u00ed \u00fadaje, kter\u00fd je dostupn\u00fd na internetov\u00fdch str\u00e1nk\u00e1ch Prodejce.<br>III. Objedn\u00e1v\u00e1n\u00ed<\/li>\n\n\n\n<li>Prod\u00e1vaj\u00edc\u00ed nedisponuje tzv. kamenn\u00fdm obchodem, kde si m\u016f\u017ee Kupuj\u00edc\u00ed zbo\u017e\u00ed<br>osobn\u011b prohl\u00e9dnout a vyzvednout. Pro \u00fa\u010del nab\u00eddky zbo\u017e\u00ed slou\u017e\u00ed internetov\u00fd obchod,<br>kter\u00fd je provozov\u00e1n na webov\u00e9 adrese saltyclothes.cz, tud\u00ed\u017e je k dispozici 24 hodin<br>denn\u011b, 7 dn\u00ed v t\u00fddnu.<\/li>\n\n\n\n<li>Kupuj\u00edc\u00ed od Prod\u00e1vaj\u00edc\u00edho kupuje zbo\u017e\u00ed za cenu platnou v okam\u017eiku objedn\u00e1n\u00ed. Kupn\u00ed<br>cena je v\u017edy uvedena u konkr\u00e9tn\u00edho zbo\u017e\u00ed v internetov\u00e9m obchod\u011b.<\/li>\n\n\n\n<li>N\u00e1klady na po\u0161tovn\u00e9 a baln\u00e9 nese kupuj\u00edc\u00ed dle zp\u016fsobu, kter\u00fd zvolil p\u0159i objedn\u00e1n\u00ed<br>zbo\u017e\u00ed. Tyto n\u00e1klady se \u0159\u00edd\u00ed cenami uveden\u00fdmi v \u010dl\u00e1nku X. t\u011bchto obchodn\u00edch<br>podm\u00ednek.<\/li>\n<\/ol>\n\n\n\n<h2 class=\"wp-block-heading\">IV. Uzav\u0159en\u00ed smlouvy<\/h2>\n\n\n\n<ol class=\"wp-block-list\">\n<li>K uzav\u0159en\u00ed kupn\u00ed smlouvy doch\u00e1z\u00ed na z\u00e1klad\u011b p\u0159ijet\u00ed nab\u00eddky Prod\u00e1vaj\u00edc\u00edho<br>Kupuj\u00edc\u00edm prost\u0159ednictv\u00edm objedn\u00e1n\u00ed zbo\u017e\u00ed, kter\u00e9 je uvedeno na internetov\u00fdch<br>str\u00e1nk\u00e1ch Prodejce. Objedn\u00e1vku lze u\u010dinit i telefonicky.<\/li>\n\n\n\n<li>Ka\u017ed\u00e1 smlouva uzav\u0159en\u00e1 mezi Prod\u00e1vaj\u00edc\u00edm a Kupuj\u00edc\u00edm m\u016f\u017ee b\u00fdt uzav\u0159ena pouze v<br>\u010desk\u00e9m jazyku.<\/li>\n\n\n\n<li>P\u0159ijet\u00ed nab\u00eddky s dodatkem nebo odchylkou nen\u00ed p\u0159ijet\u00edm nab\u00eddky a nevyvol\u00e1 pr\u00e1vn\u00ed<br>\u00fa\u010dinky, a to i v p\u0159\u00edpad\u011b, kdy\u017e dodatek nebo odchylka podstatn\u011b nem\u011bn\u00ed podm\u00ednky<br>nab\u00eddky.<\/li>\n\n\n\n<li>P\u0159evzet\u00ed nevy\u017e\u00e1dan\u00e9ho pln\u011bn\u00ed ze strany Kupuj\u00edc\u00edho neznamen\u00e1 p\u0159ijet\u00ed nab\u00eddky. V<br>p\u0159\u00edpad\u011b p\u0159eb\u00edr\u00e1n\u00ed nevy\u017e\u00e1dan\u00e9ho pln\u011bn\u00ed je Kupuj\u00edc\u00ed povinen o existenci tohoto pln\u011bn\u00ed<br>Prod\u00e1vaj\u00edc\u00edho informovat.<\/li>\n\n\n\n<li>Po dokon\u010den\u00ed objedn\u00e1vky bude Kupuj\u00edc\u00edmu elektronickou cestou zasl\u00e1no potvrzen\u00ed<br>objedn\u00e1vky (uzav\u0159en\u00ed kupn\u00ed smlouvy). Objedn\u00e1vka Kupuj\u00edc\u00edho z\u016fst\u00e1v\u00e1 ulo\u017eena u<br>Prod\u00e1vaj\u00edc\u00edho.<\/li>\n\n\n\n<li>Chyby vznikl\u00e9 p\u0159i zad\u00e1v\u00e1n\u00ed dat p\u0159ed pod\u00e1n\u00edm objedn\u00e1vky m\u016f\u017ee Kupuj\u00edc\u00ed opravit<br>pouze do odesl\u00e1n\u00ed objedn\u00e1vky. Po odesl\u00e1n\u00ed objedn\u00e1vky Prod\u00e1vaj\u00edc\u00edmu m\u016f\u017ee Kupuj\u00edc\u00ed<br>Prod\u00e1vaj\u00edc\u00edho o t\u011bchto chyb\u00e1ch informovat prost\u0159ednictv\u00edm jeho kontaktn\u00edch \u00fadaj\u016f.<br>Pro Prod\u00e1vaj\u00edc\u00edho jsou tyto zm\u011bny pr\u00e1vn\u011b z\u00e1vazn\u00e9 pouze v p\u0159\u00edpad\u011b, \u017ee Kupuj\u00edc\u00edmu<br>p\u00edsemn\u011b potvrd\u00ed, \u017ee je s nimi srozum\u011bn.<\/li>\n<\/ol>\n\n\n\n<h2 class=\"wp-block-heading\">V. Odstoupen\u00ed od smlouvy<\/h2>\n\n\n\n<ol class=\"wp-block-list\">\n<li>V p\u0159\u00edpad\u011b, \u017ee Kupuj\u00edc\u00ed odebral zbo\u017e\u00ed jin\u00fdm zp\u016fsobem ne\u017e osobn\u011b, tedy kdy\u017e mu bylo<br>objednan\u00e9 zbo\u017e\u00ed doru\u010deno dopravn\u00ed slu\u017ebou, je lh\u016fta pro odstoupen\u00ed od smlouvy 14<br>dn\u00ed od doru\u010den\u00ed.<\/li>\n\n\n\n<li>Napln\u00ed-li Kupuj\u00edc\u00ed v\u0161echny n\u00e1le\u017eitosti pro odstoupen\u00ed od spot\u0159ebitelsk\u00e9 smlouvy<br>uzav\u0159en\u00e9 distan\u010dn\u00edm zp\u016fsobem a rozhodne-li se pro odstoupen\u00ed ve shora uveden\u00e9<br>lh\u016ft\u011b, je nutno splnit n\u00e1sleduj\u00edc\u00ed podm\u00ednky:\n<ul class=\"wp-block-list\">\n<li>[Odeslat dopis (nejl\u00e9pe e-mailem na adresu saltyclothesforfamily@gmail.com<br>s textem: \u201eJ\u00e1 \u2026\u2026\u2026\u2026. (jm\u00e9no Kupuj\u00edc\u00edho) jsem dne DD.MM.RRRR uzav\u0159el<br>smlouvu \u010d. (\u010d\u00edslo objedn\u00e1vky\/faktury) se spole\u010dnost\u00ed Food for mood, s.r.o. V<br>n\u00e1vaznosti na ustanoven\u00ed z\u00e1k. \u010d. 89\/2012 Sb. o spot\u0159ebitelsk\u00fdch smlouv\u00e1ch<br>uzav\u0159en\u00fdch distan\u010dn\u00edm zp\u016fsobem t\u00edmto jednostrann\u011b odstupuji od v\u00fd\u0161e<br>uveden\u00e9 smlouvy, po\u017eaduji vr\u00e1cen\u00ed uhrazen\u00e9 \u010d\u00e1stky za zbo\u017e\u00ed na \u00fa\u010det \u010d\u00edslo:<br>\u2026\u2026\u2026\u2026\u2026\u2026\u2026\/\u2026\u2026\u2026 a prohla\u0161uji, \u017ee spl\u0148uji v\u0161echny z\u00e1konn\u00e9 po\u017eadavky<br>pro toto odstoupen\u00ed od smlouvy dle p\u0159\u00edslu\u0161n\u00fdch pr\u00e1vn\u00edch p\u0159edpis\u016f\u201c.]<\/li>\n\n\n\n<li>V p\u0159\u00edpad\u011b p\u00edsemn\u00e9ho vyhotoven\u00ed dopisu je Kupuj\u00edc\u00ed povinen opat\u0159it dopis<br>p\u0159\u00edslu\u0161n\u00fdm datem a vlastnoru\u010dn\u00edm podpisem.<\/li>\n\n\n\n<li>Zbo\u017e\u00ed odes\u00edlan\u00e9 a doru\u010den\u00e9 zp\u011bt na adresu Prod\u00e1vaj\u00edc\u00edho mus\u00ed b\u00fdt<br>nepo\u0161kozen\u00e9, kompletn\u00ed (v\u010detn\u011b p\u0159\u00edslu\u0161enstv\u00ed, n\u00e1vodu atd.) a s kopi\u00ed dokladu o<br>koupi. V p\u0159\u00edpad\u011b nedodr\u017een\u00ed n\u011bkter\u00e9 z uveden\u00fdch n\u00e1le\u017eitost\u00ed m\u00e1 Prod\u00e1vaj\u00edc\u00ed<br>pr\u00e1vo odm\u00edtnout vr\u00e1cen\u00e9 zbo\u017e\u00ed nebo pom\u011brn\u011b sn\u00ed\u017eit \u010d\u00e1stku, za kterou bude<br>zbo\u017e\u00ed p\u0159ijato zp\u011bt.<\/li>\n\n\n\n<li>Mo\u017enost odstoupit od smlouvy se nevztahuje na zbo\u017e\u00ed upraven\u00e9 dle p\u0159\u00e1n\u00ed<br>Kupuj\u00edc\u00edho a jin\u00e9 zbo\u017e\u00ed, kter\u00e9 nelze vr\u00e1tit do p\u016fvodn\u00edho stavu p\u0159ed koup\u00ed.<\/li>\n<\/ul>\n<\/li>\n<\/ol>\n\n\n\n<h2 class=\"wp-block-heading\">VI. Pr\u00e1va z vadn\u00e9ho pln\u011bn\u00ed<\/h2>\n\n\n\n<ol class=\"wp-block-list\">\n<li>Prod\u00e1vaj\u00edc\u00ed odpov\u00edd\u00e1 Kupuj\u00edc\u00edmu za to, \u017ee zbo\u017e\u00ed p\u0159i p\u0159evzet\u00ed nem\u00e1 vady jin\u00e9, ne\u017e<br>odpov\u00eddaj\u00edc\u00ed m\u00ed\u0159e pou\u017e\u00edv\u00e1n\u00ed nebo opot\u0159eben\u00ed, kterou zbo\u017e\u00ed m\u00e1 vzhledem ke sv\u00e9mu<br>st\u00e1\u0159\u00ed a \u017ee v dob\u011b kdy kupuj\u00edc\u00ed zbo\u017e\u00ed p\u0159evzal:<br>\n<ul class=\"wp-block-list\">\n<li>m\u00e1 zbo\u017e\u00ed vlastnosti, kter\u00e9 si strany ujednaly, a chyb\u00ed-li ujedn\u00e1n\u00ed, m\u00e1 takov\u00e9<br>vlastnosti, kter\u00e9 prod\u00e1vaj\u00edc\u00ed popsal nebo kter\u00e9 Kupuj\u00edc\u00ed o\u010dek\u00e1val s ohledem na<br>povahu zbo\u017e\u00ed;<\/li>\n\n\n\n<li>se zbo\u017e\u00ed hod\u00ed k \u00fa\u010delu, kter\u00fd pro jeho pou\u017eit\u00ed Prod\u00e1vaj\u00edc\u00ed uv\u00e1d\u00ed nebo ke kter\u00e9mu<br>se zbo\u017e\u00ed tohoto druhu obvykle pou\u017e\u00edv\u00e1;<\/li>\n\n\n\n<li>je zbo\u017e\u00ed v odpov\u00eddaj\u00edc\u00edm mno\u017estv\u00ed, m\u00ed\u0159e nebo jakosti;<\/li>\n\n\n\n<li>zbo\u017e\u00ed vyhovuje po\u017eadavk\u016fm pr\u00e1vn\u00edch p\u0159edpis\u016f.<\/li>\n<\/ul>\n<\/li>\n\n\n\n<li>Pr\u00e1vo z vadn\u00e9ho pln\u011bn\u00ed Kupuj\u00edc\u00edmu nen\u00e1le\u017e\u00ed, pokud kupuj\u00edc\u00ed p\u0159ed p\u0159evzet\u00edm v\u011bci<br>v\u011bd\u011bl, \u017ee v\u011bc m\u00e1 vadu, anebo pokud kupuj\u00edc\u00ed vadu s\u00e1m zp\u016fsobil.<\/li>\n\n\n\n<li>Pr\u00e1vo Kupuj\u00edc\u00edho z vadn\u00e9ho pln\u011bn\u00ed zakl\u00e1d\u00e1 vada, kterou m\u00e1 zbo\u017e\u00ed p\u0159i p\u0159evzet\u00ed<br>Kupuj\u00edc\u00edm. Projev\u00ed-li se vada v pr\u016fb\u011bhu \u0161esti (6) m\u011bs\u00edc\u016f od p\u0159evzet\u00ed, m\u00e1 se za to, \u017ee<br>zbo\u017e\u00ed bylo vadn\u00e9 ji\u017e p\u0159i p\u0159evzet\u00ed.<\/li>\n\n\n\n<li>Je-li vadn\u00e9 pln\u011bn\u00ed podstatn\u00fdm poru\u0161en\u00edm smlouvy, tedy takov\u00fdm poru\u0161en\u00edm o kter\u00e9m,<br>kdyby Kupuj\u00edc\u00ed p\u0159ed koup\u00ed v\u011bd\u011bl, koupi by neu\u010dinil, m\u00e1 Kupuj\u00edc\u00ed pr\u00e1vo:\n<ul class=\"wp-block-list\">\n<li>na odstran\u011bn\u00ed vady dod\u00e1n\u00edm chyb\u011bj\u00edc\u00ed v\u011bci;<\/li>\n\n\n\n<li>na odstran\u011bn\u00ed vady opravou v\u011bci;<\/li>\n\n\n\n<li>na p\u0159im\u011b\u0159enou slevu z kupn\u00ed ceny;<\/li>\n\n\n\n<li>na odstoupen\u00ed od smlouvy.<\/li>\n<\/ul>\n<\/li>\n\n\n\n<li>Je-li vada odstraniteln\u00e1, m\u016f\u017ee se Kupuj\u00edc\u00ed dom\u00e1hat bu\u010f opravy nebo dopln\u011bn\u00ed toho,<br>co chyb\u00ed, anebo p\u0159im\u011b\u0159en\u00e9 slevy z kupn\u00ed ceny. Nelze-li vadu odstranit a nelze-li pro ni<br>zbo\u017e\u00ed \u0159\u00e1dn\u011b u\u017e\u00edvat, m\u016f\u017ee Kupuj\u00edc\u00ed bu\u010f odstoupit od smlouvy, anebo se dom\u00e1hat<br>p\u0159im\u011b\u0159en\u00e9 slevy z kupn\u00ed ceny.<\/li>\n\n\n\n<li>Je-li vadn\u00e9 pln\u011bn\u00ed nepodstatn\u00fdm poru\u0161en\u00edm smlouvy, m\u00e1 Kupuj\u00edc\u00ed pr\u00e1vo na odstran\u011bn\u00ed<br>vady, anebo na p\u0159im\u011b\u0159enou slevu z kupn\u00ed ceny.<\/li>\n\n\n\n<li>Kupuj\u00edc\u00ed sd\u011bl\u00ed Prod\u00e1vaj\u00edc\u00edmu, jak\u00e9 pr\u00e1vo si zvolil p\u0159i ozn\u00e1men\u00ed vady nebo bez<br>zbyte\u010dn\u00e9ho odkladu po ozn\u00e1men\u00ed vady. Provedenou volbu nem\u016f\u017ee Kupuj\u00edc\u00ed m\u011bnit bez<br>souhlasu Prod\u00e1vaj\u00edc\u00edho. Neozn\u00e1m\u00ed-li Kupuj\u00edc\u00ed vadu bez zbyte\u010dn\u00e9ho odkladu pot\u00e9, co<br>se vada na zbo\u017e\u00ed vyskytla, pozb\u00fdv\u00e1 sv\u00e9 pr\u00e1vo z podstatn\u00e9ho poru\u0161en\u00ed smlouvy a<br>nad\u00e1le m\u016f\u017ee ji\u017e uplat\u0148ovat jen pr\u00e1va, kter\u00e1 vypl\u00fdvaj\u00ed z vady, je\u017e je nepodstatn\u00fdm<br>poru\u0161en\u00edm smlouvy.<\/li>\n\n\n\n<li>Pr\u00e1va z vadn\u00e9ho pln\u011bn\u00ed uplat\u0148uje Kupuj\u00edc\u00ed u Prod\u00e1vaj\u00edc\u00edho osobn\u011b na adrese Zahradn\u00ed<br>12, 150 00 Praha, nebo prost\u0159ednictv\u00edm dopisu na tut\u00e9\u017e adresu nebo prost\u0159ednictv\u00edm<br>elektronick\u00e9 komunikace.<\/li>\n<\/ol>\n\n\n\n<h2 class=\"wp-block-heading\">VII. Reklamace zbo\u017e\u00ed<\/h2>\n\n\n\n<ol class=\"wp-block-list\">\n<li>V p\u0159\u00edpad\u011b reklamace v z\u00e1ru\u010dn\u00ed dob\u011b m\u016f\u017ee Kupuj\u00edc\u00ed informovat Prod\u00e1vaj\u00edc\u00edho jednou z<br>n\u00e1sleduj\u00edc\u00edch mo\u017enost\u00ed:\n<ul class=\"wp-block-list\">\n<li>na e-mailovou adresu saltyclothesforfamily@gmail.com<\/li>\n<\/ul>\n<\/li>\n\n\n\n<li>Reklamace v\u010detn\u011b vady bude vy\u0159\u00edzena bez zbyte\u010dn\u00e9ho odkladu, nejpozd\u011bji do 30 dn\u016f<br>ode dne uplatn\u011bn\u00ed reklamace.<\/li>\n\n\n\n<li>Z\u00e1ru\u010dn\u00ed doba za\u010d\u00edn\u00e1 b\u011b\u017eet dnem p\u0159evzet\u00ed zbo\u017e\u00ed Kupuj\u00edc\u00edm. Z\u00e1ru\u010dn\u00ed doba je 24 m\u011bs\u00edc\u016f.<\/li>\n\n\n\n<li>Ke ka\u017ed\u00e9mu zbo\u017e\u00ed je p\u0159ikl\u00e1d\u00e1n prodejn\u00ed doklad a n\u00e1vod k pou\u017eit\u00ed. P\u0159evzet\u00edm zbo\u017e\u00ed<br>z\u00e1kazn\u00edk stvrzuje sv\u016fj souhlas se z\u00e1ru\u010dn\u00edmi a obchodn\u00edmi podm\u00ednkami. Pokud nen\u00ed<br>zbo\u017e\u00ed osobn\u011b odebr\u00e1no, rozum\u00ed se p\u0159evzet\u00edm zbo\u017e\u00ed okam\u017eik, kdy zbo\u017e\u00ed p\u0159eb\u00edr\u00e1 od<br>dopravce.<\/li>\n\n\n\n<li>N\u00e1rok na uplatn\u011bn\u00ed z\u00e1ruky se nevztahuje na po\u0161kozen\u00ed vznikl\u00e1:\n<ul class=\"wp-block-list\">\n<li>mechanick\u00fdm po\u0161kozen\u00edm zbo\u017e\u00ed,<\/li>\n\n\n\n<li>pou\u017e\u00edv\u00e1n\u00edm zbo\u017e\u00ed v podm\u00ednk\u00e1ch, kter\u00e9 neodpov\u00eddaj\u00ed sv\u00fdmi parametry<br>parametr\u016fm uveden\u00fdm v dokumentaci,<\/li>\n\n\n\n<li>neodborn\u00fdm zach\u00e1zen\u00edm, obsluhou, nebo zanedb\u00e1n\u00edm p\u00e9\u010de o zbo\u017e\u00ed,b\u011b\u017en\u00fdm opot\u0159eben\u00edm zbo\u017e\u00ed.<\/li>\n<\/ul>\n<\/li>\n\n\n\n<li>Mimosoudn\u00edm \u0159e\u0161en\u00ed spot\u0159ebitelsk\u00fdch spor\u016f z kupn\u00ed smlouvy je opr\u00e1vn\u011bna prov\u00e1d\u011bt<br>\u010cesk\u00e1 obchodn\u00ed inspekce, I\u010cO: 000 20 869, se s\u00eddlem \u0160t\u011bp\u00e1nsk\u00e1 567\/15, 120 00 Praha<br>2, internetov\u00e1 adresa: coi.cz.<\/li>\n\n\n\n<li>V p\u0159\u00edpad\u011b, \u017ee nebude spor urovn\u00e1n mimosoudn\u011b, \u0159e\u0161\u00ed vz\u00e1jemn\u00e9 spory mezi<br>Prod\u00e1vaj\u00edc\u00edm a Kupuj\u00edc\u00edm obecn\u00e9 soudy. Rozhodn\u00e9 pr\u00e1vo pro \u0159e\u0161en\u00ed spor\u016f v p\u0159\u00edpad\u011b<br>uzav\u0159en\u00ed smlouvy s cizincem je v\u00fdhradn\u011b \u010desk\u00e9.<\/li>\n<\/ol>\n\n\n\n<h2 class=\"wp-block-heading\">VIII. Informace o zbo\u017e\u00ed<\/h2>\n\n\n\n<ol class=\"wp-block-list\">\n<li>Informace o zbo\u017e\u00ed nab\u00edzen\u00e9m v internetov\u00e9m obchodu Prod\u00e1vaj\u00edc\u00edho maj\u00ed pouze<br>ilustra\u010dn\u00ed charakter a v detailech se mohou li\u0161it od dod\u00e1van\u00e9ho zbo\u017e\u00ed.<\/li>\n\n\n\n<li>V internetov\u00e9m obchod\u011b jsou v\u017edy aktu\u00e1ln\u00ed a platn\u00e9 ceny nab\u00edzen\u00e9ho zbo\u017e\u00ed v\u010detn\u011b<br>DPH. V cen\u011b zbo\u017e\u00ed nen\u00ed zahrnuto po\u0161tovn\u00e9 a baln\u00e9.<\/li>\n<\/ol>\n\n\n\n<h2 class=\"wp-block-heading\">IX. Platebn\u00ed podm\u00ednky<\/h2>\n\n\n\n<ol class=\"wp-block-list\">\n<li>Objednan\u00e9 zbo\u017e\u00ed je mo\u017en\u00e9 zaplatit:\n<ul class=\"wp-block-list\">\n<li>platbou v hotovosti p\u0159i doru\u010den\u00ed zbo\u017e\u00ed (hotovost p\u0159eb\u00edr\u00e1 od Kupuj\u00edc\u00edho<br>dopravce),<\/li>\n\n\n\n<li>platbou pomoc\u00ed p\u0159evodu na \u00fa\u010det Prod\u00e1vaj\u00edc\u00edho po dokon\u010den\u00ed objedn\u00e1vky.<\/li>\n<\/ul>\n<\/li>\n\n\n\n<li>Zbo\u017e\u00ed z\u016fst\u00e1v\u00e1 do \u00fapln\u00e9ho zaplacen\u00ed majetkem Prod\u00e1vaj\u00edc\u00edho.<\/li>\n<\/ol>\n\n\n\n<h2 class=\"wp-block-heading\">X. Dodac\u00ed podm\u00ednky<\/h2>\n\n\n\n<ol class=\"wp-block-list\">\n<li>Zas\u00edl\u00e1n\u00ed dopravn\u00ed slu\u017ebou: Objednan\u00e9 zbo\u017e\u00ed bude odesl\u00e1no zvolenou dopravn\u00ed<br>slu\u017ebou. Dopravce garantuje doru\u010den\u00ed z\u00e1silky kamkoliv po \u010cR do 48 hodin. Cena<br>dopravy se \u0159\u00edd\u00ed dle cen\u00edku dopravce aktu\u00e1ln\u00edho v den objedn\u00e1vky.<\/li>\n\n\n\n<li>P\u0159i n\u00e1kupu zbo\u017e\u00ed nad 1500,- K\u010d a doru\u010den\u00ed po \u010cR hrad\u00ed n\u00e1klady na dopravu zbo\u017e\u00ed<br>Prod\u00e1vaj\u00edc\u00ed.<\/li>\n\n\n\n<li>Kupuj\u00edc\u00ed je povinen p\u0159i dod\u00e1n\u00ed zbo\u017e\u00ed p\u0159evz\u00edt s v\u00fdjimkou uvedenou v \u010dl. X. odst. 5<br>t\u011bchto obchodn\u00edch podm\u00ednek. Nep\u0159evezme-li kupuj\u00edc\u00ed zbo\u017e\u00ed p\u0159i dod\u00e1n\u00ed, je Prod\u00e1vaj\u00edc\u00ed<br>opr\u00e1vn\u011bn od kupn\u00ed smlouvy odstoupit.<\/li>\n\n\n\n<li>Pokud je z d\u016fvodu na stran\u011b Kupuj\u00edc\u00edho nutno zbo\u017e\u00ed doru\u010dovat opakovan\u011b nebo jin\u00fdm<br>zp\u016fsobem, ne\u017e bylo uvedeno v objedn\u00e1vce, je Kupuj\u00edc\u00ed povinen uhradit n\u00e1klady<br>spojen\u00e9 s opakovan\u00fdm doru\u010dov\u00e1n\u00edm zbo\u017e\u00ed, jako\u017e i n\u00e1klady spojen\u00e9 s jin\u00fdm zp\u016fsobem<br>doru\u010den\u00ed.<\/li>\n\n\n\n<li>P\u0159i p\u0159eb\u00edr\u00e1n\u00ed zbo\u017e\u00ed od dopravce je Kupuj\u00edc\u00ed povinen zkontrolovat neporu\u0161enost obal\u016f<br>zbo\u017e\u00ed a p\u0159\u00edpadn\u00e9 z\u00e1vady ozn\u00e1mit dopravci. Zbo\u017e\u00ed se zjevn\u011b po\u0161kozen\u00fdm obalem nen\u00ed<br>Kupuj\u00edc\u00ed povinen od dopravce p\u0159evz\u00edt.<\/li>\n\n\n\n<li>Podpisem dodac\u00edho listu kupuj\u00edc\u00ed stvrzuje, \u017ee z\u00e1silka zbo\u017e\u00ed spl\u0148ovala v\u0161echny<br>podm\u00ednky a n\u00e1le\u017eitosti a na p\u0159\u00edpadnou pozd\u011bj\u0161\u00ed reklamaci ohledn\u011b poru\u0161en\u00ed obalu<br>z\u00e1silky nebude br\u00e1n z\u0159etel.<\/li>\n\n\n\n<li>Dal\u0161\u00ed pr\u00e1va a povinnosti p\u0159i doprav\u011b zbo\u017e\u00ed mohou b\u00fdt upraveny v p\u0159\u00edslu\u0161n\u00fdch<br>dodac\u00edch podm\u00ednk\u00e1ch dopravce.<\/li>\n<\/ol>\n\n\n\n<h2 class=\"wp-block-heading\">XII. Z\u00e1v\u011bre\u010dn\u00e1 ustanoven\u00ed<\/h2>\n\n\n\n<ol class=\"wp-block-list\">\n<li>Tyto obchodn\u00ed podm\u00ednky tvo\u0159\u00ed ned\u00edlnou sou\u010d\u00e1st ka\u017ed\u00e9 smlouvy uzav\u0159en\u00e9 mezi<br>Prod\u00e1vaj\u00edc\u00edm a Kupuj\u00edc\u00edm s platnost\u00ed od [1.1.2020.]<\/li>\n\n\n\n<li>Aktu\u00e1ln\u00ed obchodn\u00ed podm\u00ednky jsou k dispozici na internetov\u00fdch str\u00e1nk\u00e1ch<br>Prod\u00e1vaj\u00edc\u00edho.<\/li>\n\n\n\n<li>Prod\u00e1vaj\u00edc\u00ed si vyhrazuje pr\u00e1vo zm\u011bnit tyto obchodn\u00ed podm\u00ednky bez p\u0159edchoz\u00edho<br>upozorn\u011bn\u00ed.<\/li>\n<\/ol>\n","protected":false},"excerpt":{"rendered":"<p>I. Basic Provisions II. Information security and protection IV. Conclusion of the contract V. Withdrawal from the contract VI. Rights arising from defective performance VII. Complaints VIII. Information about the goods IX. Payment terms X. Delivery terms XII. Final provisions<\/p>","protected":false},"author":1,"featured_media":0,"parent":0,"menu_order":0,"comment_status":"closed","ping_status":"closed","template":"","meta":{"_acf_changed":false,"footnotes":""},"class_list":["post-51","page","type-page","status-publish","hentry"],"acf":[],"_links":{"self":[{"href":"https:\/\/saltyclothes.cz\/en\/wp-json\/wp\/v2\/pages\/51","targetHints":{"allow":["GET"]}}],"collection":[{"href":"https:\/\/saltyclothes.cz\/en\/wp-json\/wp\/v2\/pages"}],"about":[{"href":"https:\/\/saltyclothes.cz\/en\/wp-json\/wp\/v2\/types\/page"}],"author":[{"embeddable":true,"href":"https:\/\/saltyclothes.cz\/en\/wp-json\/wp\/v2\/users\/1"}],"replies":[{"embeddable":true,"href":"https:\/\/saltyclothes.cz\/en\/wp-json\/wp\/v2\/comments?post=51"}],"version-history":[{"count":0,"href":"https:\/\/saltyclothes.cz\/en\/wp-json\/wp\/v2\/pages\/51\/revisions"}],"wp:attachment":[{"href":"https:\/\/saltyclothes.cz\/en\/wp-json\/wp\/v2\/media?parent=51"}],"curies":[{"name":"wp","href":"https:\/\/api.w.org\/{rel}","templated":true}]}}